{"id":50219,"date":"2025-09-26T11:33:53","date_gmt":"2025-09-26T11:33:53","guid":{"rendered":"https:\/\/artsincubator.ca\/borupscorners\/?page_id=50219"},"modified":"2025-09-27T16:07:34","modified_gmt":"2025-09-27T16:07:34","slug":"la-boite-secrete-deddie","status":"publish","type":"page","link":"https:\/\/artsincubator.ca\/borupscorners\/la-boite-secrete-deddie\/","title":{"rendered":"La bo\u00eete secr\u00e8te d&#8217;Eddie"},"content":{"rendered":"\n<p>Que se passe-t-il lorsque tout votre monde dispara\u00eet en fum\u00e9e? Pour Eddie, un incendie de maison d\u00e9vastateur signifie bien plus que la perte de son foyer; c&#8217;est la perte de tout ce qui faisait de lui <em>lui-m\u00eame<\/em>. Ses bandes dessin\u00e9es ador\u00e9es, ses crampons de soccer pr\u00e9f\u00e9r\u00e9s, m\u00eame l&#8217;ours en peluche doux cach\u00e9 sous son oreiller \u2013 tout est parti. Maintenant, v\u00eatu de v\u00eatements emprunt\u00e9s et portant un sac \u00e0 dos vide, Eddie se sent \u00e9tranger, d\u00e9sesp\u00e9r\u00e9 de cacher le vide b\u00e9ant dans son c\u0153ur \u00e0 ses amis.<\/p>\n\n\n\n<figure class=\"wp-block-image alignright size-full is-resized\"><a href=\"https:\/\/shop.vivlio.com\/product\/9798232240875_9798232240875_10020\/la-boite-secrete-deddie\" target=\"_blank\" rel=\" noreferrer noopener\"><img loading=\"lazy\" decoding=\"async\" width=\"400\" height=\"640\" src=\"https:\/\/artsincubator.ca\/borupscorners\/wp-content\/uploads\/2025\/09\/Francais-Eddies-Secret-Box.jpg\" alt=\"\" class=\"wp-image-50207\" style=\"width:250px\" srcset=\"https:\/\/artsincubator.ca\/borupscorners\/wp-content\/uploads\/2025\/09\/Francais-Eddies-Secret-Box.jpg 400w, https:\/\/artsincubator.ca\/borupscorners\/wp-content\/uploads\/2025\/09\/Francais-Eddies-Secret-Box-188x300.jpg 188w\" sizes=\"auto, (max-width: 400px) 100vw, 400px\" \/><\/a><\/figure>\n\n\n\n<p>Alors que les \u00e9chos de la perte le suivent \u00e0 l&#8217;\u00e9cole, Eddie fait face au d\u00e9fi ultime : comment retrouver force et fiert\u00e9 quand tout ce qui vous d\u00e9finissait a disparu? Il aspire \u00e0 \u00eatre normal, mais son casier vide lui semble \u00eatre un symbole frappant de tout ce qu&#8217;il a perdu, le faisant se refermer sur lui-m\u00eame.<\/p>\n\n\n\n<p>Mais ses amis, L\u00e9o et Sam, le remarquent. Ils voient au-del\u00e0 de la chemise \u00e9trange et de son comportement silencieux, d\u00e9termin\u00e9s \u00e0 aider Eddie \u00e0 red\u00e9couvrir sa valeur. Pourront-ils trouver un moyen secret de lui rappeler que la vraie dignit\u00e9 vient de l&#8217;int\u00e9rieur, et que certaines choses \u2013 comme l&#8217;amiti\u00e9 et la r\u00e9silience \u2013 ne peuvent jamais \u00eatre enlev\u00e9es? Accompagnez Eddie dans un voyage puissant et \u00e9mouvant de gu\u00e9rison, de connexion et de r\u00e9appropriation de son identit\u00e9.<\/p>\n\n\n\n<h3 class=\"wp-block-heading\">\u00c0 propos de l\u2019auteur<\/h3>\n\n\n\n<p>Tony Eetak est un jeune artiste et musicien inuk dont la cr\u00e9ativit\u00e9 ne conna\u00eet pas de limites. Originaire d&#8217;Arviat, au Nunavut, il trouve sa voix au piano et au clavier. Compositeur passionn\u00e9 de musique \u00e9lectronique, Tony traduit le monde qui l&#8217;entoure en m\u00e9lodies et harmonies, cr\u00e9ant une musique qui parle avec une beaut\u00e9 tranquille et puissante. Il aime jouer du piano et de la guitare acoustique.<\/p>\n\n\n\n<h3 class=\"wp-block-heading\">Ce livre peut \u00eatre command\u00e9 aupr\u00e8s de :<\/h3>\n\n\n\n<p><a href=\"https:\/\/books.apple.com\/ca\/book\/la-bo%C3%AEte-secr%C3%A8te-deddie\/id6753040684\" target=\"_blank\" rel=\"noreferrer noopener\">Apple Books<\/a>, <a href=\"https:\/\/www.barnesandnoble.com\/w\/la-boite-secrete-deddie-tony-eetak\/1148378026?ean=2940182525107\" target=\"_blank\" rel=\"noreferrer noopener\">Barnes and Noble<\/a>, <a href=\"https:\/\/www.kobo.com\/ca\/en\/ebook\/la-boite-secrete-d-eddie?sId=40976a98-567c-4772-888c-25d001b204fb&amp;ssId=7mv7hdASM7TT9bFBWhkZ5\" target=\"_blank\" rel=\"noreferrer noopener\">Kobo<\/a>, <a href=\"https:\/\/www.smashwords.com\/books\/view\/1864301\" target=\"_blank\" rel=\"noreferrer noopener\">Smashwords<\/a>, <a href=\"https:\/\/market.thepalaceproject.org\/item\/7011420\" target=\"_blank\" rel=\"noreferrer noopener\">Palace Marketplace<\/a>, <a href=\"https:\/\/www.google.com\/url?q=https:\/\/email.draft2digital.com\/c\/eJxMyr1uwyAUQOGngS0I7gUCA0OGeuw7XH5SaIltGVy_fpWtOtORvhxkdoWXoO7GeSPBA68BPflkVMSU6BltsfkZFWa0oAxGFXn75y0I8Kik1QK8M86hQUBjQUmlmZZtvyl5e6esFiWBaOssx0qd91Dn3AfDB4OFwXJdl5iVeiORC4Nl1G1nsNTt9T46ZvspPZdJrQ8Gy8fj09-9AwTQ0t0NP8I3vVqJTEs65mhrOiPN7RCJ-Az7GXsbta1ft3PPNMvgvwH-AgAA__-C0kwE&amp;source=gmail&amp;ust=1759039969105000&amp;usg=AOvVaw3zw3AucFinSGVqk51elhVm\" target=\"_blank\" rel=\"noreferrer noopener\">Thalia<\/a>, <a href=\"https:\/\/shop.vivlio.com\/product\/9798232240875_9798232240875_10020\/la-boite-secrete-deddie\" target=\"_blank\" rel=\"noreferrer noopener\">Vivlio<\/a><\/p>\n\n\n\n<p><strong>ISBN:<\/strong> 9798232240875<\/p>\n","protected":false},"excerpt":{"rendered":"<p>Que se passe-t-il lorsque tout votre monde dispara\u00eet en fum\u00e9e? Pour Eddie, un incendie de maison d\u00e9vastateur signifie<\/p>\n","protected":false},"author":1,"featured_media":0,"parent":0,"menu_order":0,"comment_status":"closed","ping_status":"closed","template":"","meta":{"footnotes":""},"class_list":["post-50219","page","type-page","status-publish","hentry"],"yoast_head":"<!-- This site is optimized with the Yoast SEO plugin v26.9 - https:\/\/yoast.com\/product\/yoast-seo-wordpress\/ -->\n<title>La bo\u00eete secr\u00e8te d&#039;Eddie - Art Borups Corners<\/title>\n<meta name=\"description\" content=\"Apr\u00e8s avoir perdu sa maison, Eddie retrouve sa fiert\u00e9 gr\u00e2ce \u00e0 l&#039;aide de ses amis. Une histoire de r\u00e9silience et de dignit\u00e9.\" \/>\n<meta name=\"robots\" content=\"index, follow, max-snippet:-1, max-image-preview:large, max-video-preview:-1\" \/>\n<link rel=\"canonical\" href=\"https:\/\/artsincubator.ca\/borupscorners\/la-boite-secrete-deddie\/\" \/>\n<meta property=\"og:locale\" content=\"en_US\" \/>\n<meta property=\"og:type\" content=\"article\" \/>\n<meta property=\"og:title\" content=\"La bo\u00eete secr\u00e8te d&#039;Eddie\" \/>\n<meta property=\"og:description\" content=\"Apr\u00e8s avoir perdu sa maison, Eddie retrouve sa fiert\u00e9 gr\u00e2ce \u00e0 l&#039;aide de ses amis. Une histoire de r\u00e9silience et de dignit\u00e9.\" \/>\n<meta property=\"og:url\" content=\"https:\/\/artsincubator.ca\/borupscorners\/la-boite-secrete-deddie\/\" \/>\n<meta property=\"og:site_name\" content=\"Art Borups Corners\" \/>\n<meta property=\"article:modified_time\" content=\"2025-09-27T16:07:34+00:00\" \/>\n<meta property=\"og:image\" content=\"https:\/\/artsincubator.ca\/borupscorners\/wp-content\/uploads\/2025\/09\/Francais-Eddies-Secret-Box.jpg\" \/>\n\t<meta property=\"og:image:width\" content=\"400\" \/>\n\t<meta property=\"og:image:height\" content=\"640\" \/>\n\t<meta property=\"og:image:type\" content=\"image\/jpeg\" \/>\n<meta name=\"twitter:card\" content=\"summary_large_image\" \/>\n<meta name=\"twitter:title\" content=\"La bo\u00eete secr\u00e8te d&#039;Eddie\" \/>\n<meta name=\"twitter:description\" content=\"Apr\u00e8s avoir perdu sa maison, Eddie retrouve sa fiert\u00e9 gr\u00e2ce \u00e0 l&#039;aide de ses amis. Une histoire de r\u00e9silience et de dignit\u00e9.\" \/>\n<meta name=\"twitter:image\" content=\"https:\/\/artsincubator.ca\/borupscorners\/wp-content\/uploads\/2025\/09\/Francais-Eddies-Secret-Box.jpg\" \/>\n<meta name=\"twitter:label1\" content=\"Est. reading time\" \/>\n\t<meta name=\"twitter:data1\" content=\"2 minutes\" \/>\n<script type=\"application\/ld+json\" class=\"yoast-schema-graph\">{\"@context\":\"https:\/\/schema.org\",\"@graph\":[{\"@type\":\"WebPage\",\"@id\":\"https:\/\/artsincubator.ca\/borupscorners\/la-boite-secrete-deddie\/\",\"url\":\"https:\/\/artsincubator.ca\/borupscorners\/la-boite-secrete-deddie\/\",\"name\":\"La bo\u00eete secr\u00e8te d'Eddie - Art Borups Corners\",\"isPartOf\":{\"@id\":\"https:\/\/artsincubator.ca\/borupscorners\/#website\"},\"primaryImageOfPage\":{\"@id\":\"https:\/\/artsincubator.ca\/borupscorners\/la-boite-secrete-deddie\/#primaryimage\"},\"image\":{\"@id\":\"https:\/\/artsincubator.ca\/borupscorners\/la-boite-secrete-deddie\/#primaryimage\"},\"thumbnailUrl\":\"https:\/\/artsincubator.ca\/borupscorners\/wp-content\/uploads\/2025\/09\/Francais-Eddies-Secret-Box.jpg\",\"datePublished\":\"2025-09-26T11:33:53+00:00\",\"dateModified\":\"2025-09-27T16:07:34+00:00\",\"description\":\"Apr\u00e8s avoir perdu sa maison, Eddie retrouve sa fiert\u00e9 gr\u00e2ce \u00e0 l'aide de ses amis. Une histoire de r\u00e9silience et de dignit\u00e9.\",\"breadcrumb\":{\"@id\":\"https:\/\/artsincubator.ca\/borupscorners\/la-boite-secrete-deddie\/#breadcrumb\"},\"inLanguage\":\"en-US\",\"potentialAction\":[{\"@type\":\"ReadAction\",\"target\":[\"https:\/\/artsincubator.ca\/borupscorners\/la-boite-secrete-deddie\/\"]}]},{\"@type\":\"ImageObject\",\"inLanguage\":\"en-US\",\"@id\":\"https:\/\/artsincubator.ca\/borupscorners\/la-boite-secrete-deddie\/#primaryimage\",\"url\":\"https:\/\/artsincubator.ca\/borupscorners\/wp-content\/uploads\/2025\/09\/Francais-Eddies-Secret-Box.jpg\",\"contentUrl\":\"https:\/\/artsincubator.ca\/borupscorners\/wp-content\/uploads\/2025\/09\/Francais-Eddies-Secret-Box.jpg\",\"width\":400,\"height\":640,\"caption\":\"La bo\u00eete secr\u00e8te d'Eddie\"},{\"@type\":\"BreadcrumbList\",\"@id\":\"https:\/\/artsincubator.ca\/borupscorners\/la-boite-secrete-deddie\/#breadcrumb\",\"itemListElement\":[{\"@type\":\"ListItem\",\"position\":1,\"name\":\"Home\",\"item\":\"https:\/\/artsincubator.ca\/borupscorners\/\"},{\"@type\":\"ListItem\",\"position\":2,\"name\":\"La bo\u00eete secr\u00e8te d&#8217;Eddie\"}]},{\"@type\":\"WebSite\",\"@id\":\"https:\/\/artsincubator.ca\/borupscorners\/#website\",\"url\":\"https:\/\/artsincubator.ca\/borupscorners\/\",\"name\":\"Art Borups Corners\",\"description\":\"Melgund Township, Northwestern Ontario\",\"publisher\":{\"@id\":\"https:\/\/artsincubator.ca\/borupscorners\/#organization\"},\"potentialAction\":[{\"@type\":\"SearchAction\",\"target\":{\"@type\":\"EntryPoint\",\"urlTemplate\":\"https:\/\/artsincubator.ca\/borupscorners\/?s={search_term_string}\"},\"query-input\":{\"@type\":\"PropertyValueSpecification\",\"valueRequired\":true,\"valueName\":\"search_term_string\"}}],\"inLanguage\":\"en-US\"},{\"@type\":\"Organization\",\"@id\":\"https:\/\/artsincubator.ca\/borupscorners\/#organization\",\"name\":\"Art Borups Corners\",\"url\":\"https:\/\/artsincubator.ca\/borupscorners\/\",\"logo\":{\"@type\":\"ImageObject\",\"inLanguage\":\"en-US\",\"@id\":\"https:\/\/artsincubator.ca\/borupscorners\/#\/schema\/logo\/image\/\",\"url\":\"https:\/\/artsincubator.ca\/borupscorners\/wp-content\/uploads\/2025\/07\/art-borups-corners-melgund-township-northwestern-ontario-northern-arts-program.jpeg\",\"contentUrl\":\"https:\/\/artsincubator.ca\/borupscorners\/wp-content\/uploads\/2025\/07\/art-borups-corners-melgund-township-northwestern-ontario-northern-arts-program.jpeg\",\"width\":221,\"height\":221,\"caption\":\"Art Borups Corners\"},\"image\":{\"@id\":\"https:\/\/artsincubator.ca\/borupscorners\/#\/schema\/logo\/image\/\"}}]}<\/script>\n<!-- \/ Yoast SEO plugin. -->","yoast_head_json":{"title":"La bo\u00eete secr\u00e8te d'Eddie - Art Borups Corners","description":"Apr\u00e8s avoir perdu sa maison, Eddie retrouve sa fiert\u00e9 gr\u00e2ce \u00e0 l'aide de ses amis. Une histoire de r\u00e9silience et de dignit\u00e9.","robots":{"index":"index","follow":"follow","max-snippet":"max-snippet:-1","max-image-preview":"max-image-preview:large","max-video-preview":"max-video-preview:-1"},"canonical":"https:\/\/artsincubator.ca\/borupscorners\/la-boite-secrete-deddie\/","og_locale":"en_US","og_type":"article","og_title":"La bo\u00eete secr\u00e8te d'Eddie","og_description":"Apr\u00e8s avoir perdu sa maison, Eddie retrouve sa fiert\u00e9 gr\u00e2ce \u00e0 l'aide de ses amis. Une histoire de r\u00e9silience et de dignit\u00e9.","og_url":"https:\/\/artsincubator.ca\/borupscorners\/la-boite-secrete-deddie\/","og_site_name":"Art Borups Corners","article_modified_time":"2025-09-27T16:07:34+00:00","og_image":[{"width":400,"height":640,"url":"https:\/\/artsincubator.ca\/borupscorners\/wp-content\/uploads\/2025\/09\/Francais-Eddies-Secret-Box.jpg","type":"image\/jpeg"}],"twitter_card":"summary_large_image","twitter_title":"La bo\u00eete secr\u00e8te d'Eddie","twitter_description":"Apr\u00e8s avoir perdu sa maison, Eddie retrouve sa fiert\u00e9 gr\u00e2ce \u00e0 l'aide de ses amis. Une histoire de r\u00e9silience et de dignit\u00e9.","twitter_image":"https:\/\/artsincubator.ca\/borupscorners\/wp-content\/uploads\/2025\/09\/Francais-Eddies-Secret-Box.jpg","twitter_misc":{"Est. reading time":"2 minutes"},"schema":{"@context":"https:\/\/schema.org","@graph":[{"@type":"WebPage","@id":"https:\/\/artsincubator.ca\/borupscorners\/la-boite-secrete-deddie\/","url":"https:\/\/artsincubator.ca\/borupscorners\/la-boite-secrete-deddie\/","name":"La bo\u00eete secr\u00e8te d'Eddie - Art Borups Corners","isPartOf":{"@id":"https:\/\/artsincubator.ca\/borupscorners\/#website"},"primaryImageOfPage":{"@id":"https:\/\/artsincubator.ca\/borupscorners\/la-boite-secrete-deddie\/#primaryimage"},"image":{"@id":"https:\/\/artsincubator.ca\/borupscorners\/la-boite-secrete-deddie\/#primaryimage"},"thumbnailUrl":"https:\/\/artsincubator.ca\/borupscorners\/wp-content\/uploads\/2025\/09\/Francais-Eddies-Secret-Box.jpg","datePublished":"2025-09-26T11:33:53+00:00","dateModified":"2025-09-27T16:07:34+00:00","description":"Apr\u00e8s avoir perdu sa maison, Eddie retrouve sa fiert\u00e9 gr\u00e2ce \u00e0 l'aide de ses amis. Une histoire de r\u00e9silience et de dignit\u00e9.","breadcrumb":{"@id":"https:\/\/artsincubator.ca\/borupscorners\/la-boite-secrete-deddie\/#breadcrumb"},"inLanguage":"en-US","potentialAction":[{"@type":"ReadAction","target":["https:\/\/artsincubator.ca\/borupscorners\/la-boite-secrete-deddie\/"]}]},{"@type":"ImageObject","inLanguage":"en-US","@id":"https:\/\/artsincubator.ca\/borupscorners\/la-boite-secrete-deddie\/#primaryimage","url":"https:\/\/artsincubator.ca\/borupscorners\/wp-content\/uploads\/2025\/09\/Francais-Eddies-Secret-Box.jpg","contentUrl":"https:\/\/artsincubator.ca\/borupscorners\/wp-content\/uploads\/2025\/09\/Francais-Eddies-Secret-Box.jpg","width":400,"height":640,"caption":"La bo\u00eete secr\u00e8te d'Eddie"},{"@type":"BreadcrumbList","@id":"https:\/\/artsincubator.ca\/borupscorners\/la-boite-secrete-deddie\/#breadcrumb","itemListElement":[{"@type":"ListItem","position":1,"name":"Home","item":"https:\/\/artsincubator.ca\/borupscorners\/"},{"@type":"ListItem","position":2,"name":"La bo\u00eete secr\u00e8te d&#8217;Eddie"}]},{"@type":"WebSite","@id":"https:\/\/artsincubator.ca\/borupscorners\/#website","url":"https:\/\/artsincubator.ca\/borupscorners\/","name":"Art Borups Corners","description":"Melgund Township, Northwestern Ontario","publisher":{"@id":"https:\/\/artsincubator.ca\/borupscorners\/#organization"},"potentialAction":[{"@type":"SearchAction","target":{"@type":"EntryPoint","urlTemplate":"https:\/\/artsincubator.ca\/borupscorners\/?s={search_term_string}"},"query-input":{"@type":"PropertyValueSpecification","valueRequired":true,"valueName":"search_term_string"}}],"inLanguage":"en-US"},{"@type":"Organization","@id":"https:\/\/artsincubator.ca\/borupscorners\/#organization","name":"Art Borups Corners","url":"https:\/\/artsincubator.ca\/borupscorners\/","logo":{"@type":"ImageObject","inLanguage":"en-US","@id":"https:\/\/artsincubator.ca\/borupscorners\/#\/schema\/logo\/image\/","url":"https:\/\/artsincubator.ca\/borupscorners\/wp-content\/uploads\/2025\/07\/art-borups-corners-melgund-township-northwestern-ontario-northern-arts-program.jpeg","contentUrl":"https:\/\/artsincubator.ca\/borupscorners\/wp-content\/uploads\/2025\/07\/art-borups-corners-melgund-township-northwestern-ontario-northern-arts-program.jpeg","width":221,"height":221,"caption":"Art Borups Corners"},"image":{"@id":"https:\/\/artsincubator.ca\/borupscorners\/#\/schema\/logo\/image\/"}}]}},"_links":{"self":[{"href":"https:\/\/artsincubator.ca\/borupscorners\/wp-json\/wp\/v2\/pages\/50219","targetHints":{"allow":["GET"]}}],"collection":[{"href":"https:\/\/artsincubator.ca\/borupscorners\/wp-json\/wp\/v2\/pages"}],"about":[{"href":"https:\/\/artsincubator.ca\/borupscorners\/wp-json\/wp\/v2\/types\/page"}],"author":[{"embeddable":true,"href":"https:\/\/artsincubator.ca\/borupscorners\/wp-json\/wp\/v2\/users\/1"}],"replies":[{"embeddable":true,"href":"https:\/\/artsincubator.ca\/borupscorners\/wp-json\/wp\/v2\/comments?post=50219"}],"version-history":[{"count":4,"href":"https:\/\/artsincubator.ca\/borupscorners\/wp-json\/wp\/v2\/pages\/50219\/revisions"}],"predecessor-version":[{"id":50236,"href":"https:\/\/artsincubator.ca\/borupscorners\/wp-json\/wp\/v2\/pages\/50219\/revisions\/50236"}],"wp:attachment":[{"href":"https:\/\/artsincubator.ca\/borupscorners\/wp-json\/wp\/v2\/media?parent=50219"}],"curies":[{"name":"wp","href":"https:\/\/api.w.org\/{rel}","templated":true}]}}